{"id":4678,"date":"2021-10-25T09:35:00","date_gmt":"2021-10-25T07:35:00","guid":{"rendered":"https:\/\/ludi-france.com\/plan-du-site\/"},"modified":"2022-01-10T09:54:40","modified_gmt":"2022-01-10T08:54:40","slug":"sitemap","status":"publish","type":"page","link":"https:\/\/ludi-france.com\/en\/sitemap\/","title":{"rendered":"Sitemap"},"content":{"rendered":"","protected":false},"excerpt":{"rendered":"","protected":false},"author":1,"featured_media":0,"parent":0,"menu_order":0,"comment_status":"closed","ping_status":"closed","template":"","meta":{"_acf_changed":false,"footnotes":""},"class_list":["post-4678","page","type-page","status-publish","hentry"],"acf":[],"yoast_head":"<!-- This site is optimized with the Yoast SEO plugin v26.7 - https:\/\/yoast.com\/wordpress\/plugins\/seo\/ -->\n<title>Plan du site - LUDI marque fran\u00e7aise de jouets et de pu\u00e9riculture<\/title>\n<meta name=\"description\" content=\"Consultez le plan du site de LUDI pour retrouver l&#039;ensemble des informations, des produits et des avantages propos\u00e9s par la marque.\" \/>\n<meta name=\"robots\" content=\"index, follow, max-snippet:-1, max-image-preview:large, max-video-preview:-1\" \/>\n<link rel=\"canonical\" href=\"https:\/\/ludi-france.com\/en\/sitemap\/\" \/>\n<meta property=\"og:locale\" content=\"en_US\" \/>\n<meta property=\"og:type\" content=\"article\" \/>\n<meta property=\"og:title\" content=\"Plan du site - LUDI marque fran\u00e7aise de jouets et de pu\u00e9riculture\" \/>\n<meta property=\"og:description\" content=\"Consultez le plan du site de LUDI pour retrouver l&#039;ensemble des informations, des produits et des avantages propos\u00e9s par la marque.\" \/>\n<meta property=\"og:url\" content=\"https:\/\/ludi-france.com\/en\/sitemap\/\" \/>\n<meta property=\"og:site_name\" content=\"LUDI\" \/>\n<meta property=\"article:publisher\" content=\"https:\/\/www.facebook.com\/ludi.jouet\/\" \/>\n<meta property=\"article:modified_time\" content=\"2022-01-10T08:54:40+00:00\" \/>\n<meta name=\"twitter:card\" content=\"summary_large_image\" \/>\n<script type=\"application\/ld+json\" class=\"yoast-schema-graph\">{\"@context\":\"https:\/\/schema.org\",\"@graph\":[{\"@type\":\"WebPage\",\"@id\":\"https:\/\/ludi-france.com\/en\/sitemap\/\",\"url\":\"https:\/\/ludi-france.com\/en\/sitemap\/\",\"name\":\"Plan du site - LUDI marque fran\u00e7aise de jouets et de pu\u00e9riculture\",\"isPartOf\":{\"@id\":\"https:\/\/ludi-france.com\/en\/#website\"},\"datePublished\":\"2021-10-25T07:35:00+00:00\",\"dateModified\":\"2022-01-10T08:54:40+00:00\",\"description\":\"Consultez le plan du site de LUDI pour retrouver l'ensemble des informations, des produits et des avantages propos\u00e9s par la marque.\",\"breadcrumb\":{\"@id\":\"https:\/\/ludi-france.com\/en\/sitemap\/#breadcrumb\"},\"inLanguage\":\"en-US\",\"potentialAction\":[{\"@type\":\"ReadAction\",\"target\":[\"https:\/\/ludi-france.com\/en\/sitemap\/\"]}]},{\"@type\":\"BreadcrumbList\",\"@id\":\"https:\/\/ludi-france.com\/en\/sitemap\/#breadcrumb\",\"itemListElement\":[{\"@type\":\"ListItem\",\"position\":1,\"name\":\"Home\",\"item\":\"https:\/\/ludi-france.com\/en\/\"},{\"@type\":\"ListItem\",\"position\":2,\"name\":\"Sitemap\"}]},{\"@type\":\"WebSite\",\"@id\":\"https:\/\/ludi-france.com\/en\/#website\",\"url\":\"https:\/\/ludi-france.com\/en\/\",\"name\":\"LUDI\",\"description\":\"Cr\u00e9ateur de jouets fran\u00e7ais et de pu\u00e9riculture\",\"publisher\":{\"@id\":\"https:\/\/ludi-france.com\/en\/#organization\"},\"potentialAction\":[{\"@type\":\"SearchAction\",\"target\":{\"@type\":\"EntryPoint\",\"urlTemplate\":\"https:\/\/ludi-france.com\/en\/?s={search_term_string}\"},\"query-input\":{\"@type\":\"PropertyValueSpecification\",\"valueRequired\":true,\"valueName\":\"search_term_string\"}}],\"inLanguage\":\"en-US\"},{\"@type\":\"Organization\",\"@id\":\"https:\/\/ludi-france.com\/en\/#organization\",\"name\":\"LUDI France\",\"url\":\"https:\/\/ludi-france.com\/en\/\",\"logo\":{\"@type\":\"ImageObject\",\"inLanguage\":\"en-US\",\"@id\":\"https:\/\/ludi-france.com\/en\/#\/schema\/logo\/image\/\",\"url\":\"https:\/\/ludi-france.com\/wp-content\/uploads\/2021\/10\/LOGO-LUDI-WEB-scaled.jpg\",\"contentUrl\":\"https:\/\/ludi-france.com\/wp-content\/uploads\/2021\/10\/LOGO-LUDI-WEB-scaled.jpg\",\"width\":2560,\"height\":815,\"caption\":\"LUDI France\"},\"image\":{\"@id\":\"https:\/\/ludi-france.com\/en\/#\/schema\/logo\/image\/\"},\"sameAs\":[\"https:\/\/www.facebook.com\/ludi.jouet\/\",\"https:\/\/www.youtube.com\/c\/Ludi-france\/videos\"]}]}<\/script>\n<!-- \/ Yoast SEO plugin. -->","yoast_head_json":{"title":"Plan du site - LUDI marque fran\u00e7aise de jouets et de pu\u00e9riculture","description":"Consultez le plan du site de LUDI pour retrouver l'ensemble des informations, des produits et des avantages propos\u00e9s par la marque.","robots":{"index":"index","follow":"follow","max-snippet":"max-snippet:-1","max-image-preview":"max-image-preview:large","max-video-preview":"max-video-preview:-1"},"canonical":"https:\/\/ludi-france.com\/en\/sitemap\/","og_locale":"en_US","og_type":"article","og_title":"Plan du site - LUDI marque fran\u00e7aise de jouets et de pu\u00e9riculture","og_description":"Consultez le plan du site de LUDI pour retrouver l'ensemble des informations, des produits et des avantages propos\u00e9s par la marque.","og_url":"https:\/\/ludi-france.com\/en\/sitemap\/","og_site_name":"LUDI","article_publisher":"https:\/\/www.facebook.com\/ludi.jouet\/","article_modified_time":"2022-01-10T08:54:40+00:00","twitter_card":"summary_large_image","schema":{"@context":"https:\/\/schema.org","@graph":[{"@type":"WebPage","@id":"https:\/\/ludi-france.com\/en\/sitemap\/","url":"https:\/\/ludi-france.com\/en\/sitemap\/","name":"Plan du site - LUDI marque fran\u00e7aise de jouets et de pu\u00e9riculture","isPartOf":{"@id":"https:\/\/ludi-france.com\/en\/#website"},"datePublished":"2021-10-25T07:35:00+00:00","dateModified":"2022-01-10T08:54:40+00:00","description":"Consultez le plan du site de LUDI pour retrouver l'ensemble des informations, des produits et des avantages propos\u00e9s par la marque.","breadcrumb":{"@id":"https:\/\/ludi-france.com\/en\/sitemap\/#breadcrumb"},"inLanguage":"en-US","potentialAction":[{"@type":"ReadAction","target":["https:\/\/ludi-france.com\/en\/sitemap\/"]}]},{"@type":"BreadcrumbList","@id":"https:\/\/ludi-france.com\/en\/sitemap\/#breadcrumb","itemListElement":[{"@type":"ListItem","position":1,"name":"Home","item":"https:\/\/ludi-france.com\/en\/"},{"@type":"ListItem","position":2,"name":"Sitemap"}]},{"@type":"WebSite","@id":"https:\/\/ludi-france.com\/en\/#website","url":"https:\/\/ludi-france.com\/en\/","name":"LUDI","description":"Cr\u00e9ateur de jouets fran\u00e7ais et de pu\u00e9riculture","publisher":{"@id":"https:\/\/ludi-france.com\/en\/#organization"},"potentialAction":[{"@type":"SearchAction","target":{"@type":"EntryPoint","urlTemplate":"https:\/\/ludi-france.com\/en\/?s={search_term_string}"},"query-input":{"@type":"PropertyValueSpecification","valueRequired":true,"valueName":"search_term_string"}}],"inLanguage":"en-US"},{"@type":"Organization","@id":"https:\/\/ludi-france.com\/en\/#organization","name":"LUDI France","url":"https:\/\/ludi-france.com\/en\/","logo":{"@type":"ImageObject","inLanguage":"en-US","@id":"https:\/\/ludi-france.com\/en\/#\/schema\/logo\/image\/","url":"https:\/\/ludi-france.com\/wp-content\/uploads\/2021\/10\/LOGO-LUDI-WEB-scaled.jpg","contentUrl":"https:\/\/ludi-france.com\/wp-content\/uploads\/2021\/10\/LOGO-LUDI-WEB-scaled.jpg","width":2560,"height":815,"caption":"LUDI France"},"image":{"@id":"https:\/\/ludi-france.com\/en\/#\/schema\/logo\/image\/"},"sameAs":["https:\/\/www.facebook.com\/ludi.jouet\/","https:\/\/www.youtube.com\/c\/Ludi-france\/videos"]}]}},"_links":{"self":[{"href":"https:\/\/ludi-france.com\/en\/wp-json\/wp\/v2\/pages\/4678","targetHints":{"allow":["GET"]}}],"collection":[{"href":"https:\/\/ludi-france.com\/en\/wp-json\/wp\/v2\/pages"}],"about":[{"href":"https:\/\/ludi-france.com\/en\/wp-json\/wp\/v2\/types\/page"}],"author":[{"embeddable":true,"href":"https:\/\/ludi-france.com\/en\/wp-json\/wp\/v2\/users\/1"}],"replies":[{"embeddable":true,"href":"https:\/\/ludi-france.com\/en\/wp-json\/wp\/v2\/comments?post=4678"}],"version-history":[{"count":0,"href":"https:\/\/ludi-france.com\/en\/wp-json\/wp\/v2\/pages\/4678\/revisions"}],"wp:attachment":[{"href":"https:\/\/ludi-france.com\/en\/wp-json\/wp\/v2\/media?parent=4678"}],"curies":[{"name":"wp","href":"https:\/\/api.w.org\/{rel}","templated":true}]}}