{"id":4016,"date":"2021-10-25T09:33:10","date_gmt":"2021-10-25T07:33:10","guid":{"rendered":"https:\/\/ludi-france.com\/mentions-legales\/"},"modified":"2021-12-22T12:03:20","modified_gmt":"2021-12-22T11:03:20","slug":"mentions-legales","status":"publish","type":"page","link":"https:\/\/ludi-france.com\/en\/mentions-legales\/","title":{"rendered":"Legal information"},"content":{"rendered":"","protected":false},"excerpt":{"rendered":"","protected":false},"author":5,"featured_media":0,"parent":0,"menu_order":0,"comment_status":"closed","ping_status":"closed","template":"","meta":{"_acf_changed":false,"footnotes":""},"class_list":["post-4016","page","type-page","status-publish","hentry"],"acf":[],"yoast_head":"<!-- This site is optimized with the Yoast SEO plugin v26.7 - https:\/\/yoast.com\/wordpress\/plugins\/seo\/ -->\n<title>LUDI, the french brand of baby toys - Legal informations of the web site<\/title>\n<meta name=\"description\" content=\"Legal information of the LUDI site. French brand of baby toys and childcare. Capital of \u20ac84,000. Registered under number 389 957 176 (000 65)\" \/>\n<meta name=\"robots\" content=\"index, follow, max-snippet:-1, max-image-preview:large, max-video-preview:-1\" \/>\n<link rel=\"canonical\" href=\"https:\/\/ludi-france.com\/en\/mentions-legales\/\" \/>\n<meta property=\"og:locale\" content=\"en_US\" \/>\n<meta property=\"og:type\" content=\"article\" \/>\n<meta property=\"og:title\" content=\"LUDI, the french brand of baby toys - Legal informations of the web site\" \/>\n<meta property=\"og:description\" content=\"Legal information of the LUDI site. French brand of baby toys and childcare. Capital of \u20ac84,000. Registered under number 389 957 176 (000 65)\" \/>\n<meta property=\"og:url\" content=\"https:\/\/ludi-france.com\/en\/mentions-legales\/\" \/>\n<meta property=\"og:site_name\" content=\"LUDI\" \/>\n<meta property=\"article:publisher\" content=\"https:\/\/www.facebook.com\/ludi.jouet\/\" \/>\n<meta property=\"article:modified_time\" content=\"2021-12-22T11:03:20+00:00\" \/>\n<meta name=\"twitter:card\" content=\"summary_large_image\" \/>\n<script type=\"application\/ld+json\" class=\"yoast-schema-graph\">{\"@context\":\"https:\/\/schema.org\",\"@graph\":[{\"@type\":\"WebPage\",\"@id\":\"https:\/\/ludi-france.com\/en\/mentions-legales\/\",\"url\":\"https:\/\/ludi-france.com\/en\/mentions-legales\/\",\"name\":\"LUDI, the french brand of baby toys - Legal informations of the web site\",\"isPartOf\":{\"@id\":\"https:\/\/ludi-france.com\/en\/#website\"},\"datePublished\":\"2021-10-25T07:33:10+00:00\",\"dateModified\":\"2021-12-22T11:03:20+00:00\",\"description\":\"Legal information of the LUDI site. French brand of baby toys and childcare. Capital of \u20ac84,000. Registered under number 389 957 176 (000 65)\",\"breadcrumb\":{\"@id\":\"https:\/\/ludi-france.com\/en\/mentions-legales\/#breadcrumb\"},\"inLanguage\":\"en-US\",\"potentialAction\":[{\"@type\":\"ReadAction\",\"target\":[\"https:\/\/ludi-france.com\/en\/mentions-legales\/\"]}]},{\"@type\":\"BreadcrumbList\",\"@id\":\"https:\/\/ludi-france.com\/en\/mentions-legales\/#breadcrumb\",\"itemListElement\":[{\"@type\":\"ListItem\",\"position\":1,\"name\":\"Home\",\"item\":\"https:\/\/ludi-france.com\/en\/\"},{\"@type\":\"ListItem\",\"position\":2,\"name\":\"Legal information\"}]},{\"@type\":\"WebSite\",\"@id\":\"https:\/\/ludi-france.com\/en\/#website\",\"url\":\"https:\/\/ludi-france.com\/en\/\",\"name\":\"LUDI\",\"description\":\"Cr\u00e9ateur de jouets fran\u00e7ais et de pu\u00e9riculture\",\"publisher\":{\"@id\":\"https:\/\/ludi-france.com\/en\/#organization\"},\"potentialAction\":[{\"@type\":\"SearchAction\",\"target\":{\"@type\":\"EntryPoint\",\"urlTemplate\":\"https:\/\/ludi-france.com\/en\/?s={search_term_string}\"},\"query-input\":{\"@type\":\"PropertyValueSpecification\",\"valueRequired\":true,\"valueName\":\"search_term_string\"}}],\"inLanguage\":\"en-US\"},{\"@type\":\"Organization\",\"@id\":\"https:\/\/ludi-france.com\/en\/#organization\",\"name\":\"LUDI France\",\"url\":\"https:\/\/ludi-france.com\/en\/\",\"logo\":{\"@type\":\"ImageObject\",\"inLanguage\":\"en-US\",\"@id\":\"https:\/\/ludi-france.com\/en\/#\/schema\/logo\/image\/\",\"url\":\"https:\/\/ludi-france.com\/wp-content\/uploads\/2021\/10\/LOGO-LUDI-WEB-scaled.jpg\",\"contentUrl\":\"https:\/\/ludi-france.com\/wp-content\/uploads\/2021\/10\/LOGO-LUDI-WEB-scaled.jpg\",\"width\":2560,\"height\":815,\"caption\":\"LUDI France\"},\"image\":{\"@id\":\"https:\/\/ludi-france.com\/en\/#\/schema\/logo\/image\/\"},\"sameAs\":[\"https:\/\/www.facebook.com\/ludi.jouet\/\",\"https:\/\/www.youtube.com\/c\/Ludi-france\/videos\"]}]}<\/script>\n<!-- \/ Yoast SEO plugin. -->","yoast_head_json":{"title":"LUDI, the french brand of baby toys - Legal informations of the web site","description":"Legal information of the LUDI site. French brand of baby toys and childcare. Capital of \u20ac84,000. Registered under number 389 957 176 (000 65)","robots":{"index":"index","follow":"follow","max-snippet":"max-snippet:-1","max-image-preview":"max-image-preview:large","max-video-preview":"max-video-preview:-1"},"canonical":"https:\/\/ludi-france.com\/en\/mentions-legales\/","og_locale":"en_US","og_type":"article","og_title":"LUDI, the french brand of baby toys - Legal informations of the web site","og_description":"Legal information of the LUDI site. French brand of baby toys and childcare. Capital of \u20ac84,000. Registered under number 389 957 176 (000 65)","og_url":"https:\/\/ludi-france.com\/en\/mentions-legales\/","og_site_name":"LUDI","article_publisher":"https:\/\/www.facebook.com\/ludi.jouet\/","article_modified_time":"2021-12-22T11:03:20+00:00","twitter_card":"summary_large_image","schema":{"@context":"https:\/\/schema.org","@graph":[{"@type":"WebPage","@id":"https:\/\/ludi-france.com\/en\/mentions-legales\/","url":"https:\/\/ludi-france.com\/en\/mentions-legales\/","name":"LUDI, the french brand of baby toys - Legal informations of the web site","isPartOf":{"@id":"https:\/\/ludi-france.com\/en\/#website"},"datePublished":"2021-10-25T07:33:10+00:00","dateModified":"2021-12-22T11:03:20+00:00","description":"Legal information of the LUDI site. French brand of baby toys and childcare. Capital of \u20ac84,000. Registered under number 389 957 176 (000 65)","breadcrumb":{"@id":"https:\/\/ludi-france.com\/en\/mentions-legales\/#breadcrumb"},"inLanguage":"en-US","potentialAction":[{"@type":"ReadAction","target":["https:\/\/ludi-france.com\/en\/mentions-legales\/"]}]},{"@type":"BreadcrumbList","@id":"https:\/\/ludi-france.com\/en\/mentions-legales\/#breadcrumb","itemListElement":[{"@type":"ListItem","position":1,"name":"Home","item":"https:\/\/ludi-france.com\/en\/"},{"@type":"ListItem","position":2,"name":"Legal information"}]},{"@type":"WebSite","@id":"https:\/\/ludi-france.com\/en\/#website","url":"https:\/\/ludi-france.com\/en\/","name":"LUDI","description":"Cr\u00e9ateur de jouets fran\u00e7ais et de pu\u00e9riculture","publisher":{"@id":"https:\/\/ludi-france.com\/en\/#organization"},"potentialAction":[{"@type":"SearchAction","target":{"@type":"EntryPoint","urlTemplate":"https:\/\/ludi-france.com\/en\/?s={search_term_string}"},"query-input":{"@type":"PropertyValueSpecification","valueRequired":true,"valueName":"search_term_string"}}],"inLanguage":"en-US"},{"@type":"Organization","@id":"https:\/\/ludi-france.com\/en\/#organization","name":"LUDI France","url":"https:\/\/ludi-france.com\/en\/","logo":{"@type":"ImageObject","inLanguage":"en-US","@id":"https:\/\/ludi-france.com\/en\/#\/schema\/logo\/image\/","url":"https:\/\/ludi-france.com\/wp-content\/uploads\/2021\/10\/LOGO-LUDI-WEB-scaled.jpg","contentUrl":"https:\/\/ludi-france.com\/wp-content\/uploads\/2021\/10\/LOGO-LUDI-WEB-scaled.jpg","width":2560,"height":815,"caption":"LUDI France"},"image":{"@id":"https:\/\/ludi-france.com\/en\/#\/schema\/logo\/image\/"},"sameAs":["https:\/\/www.facebook.com\/ludi.jouet\/","https:\/\/www.youtube.com\/c\/Ludi-france\/videos"]}]}},"_links":{"self":[{"href":"https:\/\/ludi-france.com\/en\/wp-json\/wp\/v2\/pages\/4016","targetHints":{"allow":["GET"]}}],"collection":[{"href":"https:\/\/ludi-france.com\/en\/wp-json\/wp\/v2\/pages"}],"about":[{"href":"https:\/\/ludi-france.com\/en\/wp-json\/wp\/v2\/types\/page"}],"author":[{"embeddable":true,"href":"https:\/\/ludi-france.com\/en\/wp-json\/wp\/v2\/users\/5"}],"replies":[{"embeddable":true,"href":"https:\/\/ludi-france.com\/en\/wp-json\/wp\/v2\/comments?post=4016"}],"version-history":[{"count":0,"href":"https:\/\/ludi-france.com\/en\/wp-json\/wp\/v2\/pages\/4016\/revisions"}],"wp:attachment":[{"href":"https:\/\/ludi-france.com\/en\/wp-json\/wp\/v2\/media?parent=4016"}],"curies":[{"name":"wp","href":"https:\/\/api.w.org\/{rel}","templated":true}]}}