{"id":4001,"date":"2021-12-14T15:07:53","date_gmt":"2021-12-14T14:07:53","guid":{"rendered":"https:\/\/ludi-france.com\/nos-produits\/"},"modified":"2025-10-22T12:26:46","modified_gmt":"2025-10-22T10:26:46","slug":"toys-childcare","status":"publish","type":"page","link":"https:\/\/ludi-france.com\/en\/toys-childcare\/","title":{"rendered":"Toys &#038; Childcare"},"content":{"rendered":"","protected":false},"excerpt":{"rendered":"","protected":false},"author":5,"featured_media":3900,"parent":0,"menu_order":0,"comment_status":"closed","ping_status":"closed","template":"page-templates\/template-archive-produits.php","meta":{"_acf_changed":false,"footnotes":""},"class_list":["post-4001","page","type-page","status-publish","has-post-thumbnail","hentry"],"acf":[],"yoast_head":"<!-- This site is optimized with the Yoast SEO plugin v26.7 - https:\/\/yoast.com\/wordpress\/plugins\/seo\/ -->\n<title>LUDI - Toys and Childcare Products for Babies &amp; Children 0\u20135<\/title>\n<meta name=\"description\" content=\"Discover LUDI: toys and childcare products for babies and children. Early learning, motor skills, playmats, bath toys and outdoor play, designed for ages 0 to 5.\" \/>\n<meta name=\"robots\" content=\"index, follow, max-snippet:-1, max-image-preview:large, max-video-preview:-1\" \/>\n<link rel=\"canonical\" href=\"https:\/\/ludi-france.com\/en\/toys-childcare\/\" \/>\n<meta property=\"og:locale\" content=\"en_US\" \/>\n<meta property=\"og:type\" content=\"article\" \/>\n<meta property=\"og:title\" content=\"LUDI - Toys and Childcare Products for Babies &amp; Children 0\u20135\" \/>\n<meta property=\"og:description\" content=\"Discover LUDI: toys and childcare products for babies and children. Early learning, motor skills, playmats, bath toys and outdoor play, designed for ages 0 to 5.\" \/>\n<meta property=\"og:url\" content=\"https:\/\/ludi-france.com\/en\/toys-childcare\/\" \/>\n<meta property=\"og:site_name\" content=\"LUDI\" \/>\n<meta property=\"article:publisher\" content=\"https:\/\/www.facebook.com\/ludi.jouet\/\" \/>\n<meta property=\"article:modified_time\" content=\"2025-10-22T10:26:46+00:00\" \/>\n<meta property=\"og:image\" content=\"https:\/\/ludi-france.com\/wp-content\/uploads\/2021\/12\/slide_Nos-produits_1920x500px-1.jpg\" \/>\n\t<meta property=\"og:image:width\" content=\"1920\" \/>\n\t<meta property=\"og:image:height\" content=\"500\" \/>\n\t<meta property=\"og:image:type\" content=\"image\/jpeg\" \/>\n<meta name=\"twitter:card\" content=\"summary_large_image\" \/>\n<meta name=\"twitter:label1\" content=\"Est. reading time\" \/>\n\t<meta name=\"twitter:data1\" content=\"1 minute\" \/>\n<script type=\"application\/ld+json\" class=\"yoast-schema-graph\">{\"@context\":\"https:\/\/schema.org\",\"@graph\":[{\"@type\":\"WebPage\",\"@id\":\"https:\/\/ludi-france.com\/en\/toys-childcare\/\",\"url\":\"https:\/\/ludi-france.com\/en\/toys-childcare\/\",\"name\":\"LUDI - Toys and Childcare Products for Babies & Children 0\u20135\",\"isPartOf\":{\"@id\":\"https:\/\/ludi-france.com\/en\/#website\"},\"primaryImageOfPage\":{\"@id\":\"https:\/\/ludi-france.com\/en\/toys-childcare\/#primaryimage\"},\"image\":{\"@id\":\"https:\/\/ludi-france.com\/en\/toys-childcare\/#primaryimage\"},\"thumbnailUrl\":\"https:\/\/ludi-france.com\/wp-content\/uploads\/2021\/12\/slide_Nos-produits_1920x500px-1.jpg\",\"datePublished\":\"2021-12-14T14:07:53+00:00\",\"dateModified\":\"2025-10-22T10:26:46+00:00\",\"description\":\"Discover LUDI: toys and childcare products for babies and children. Early learning, motor skills, playmats, bath toys and outdoor play, designed for ages 0 to 5.\",\"breadcrumb\":{\"@id\":\"https:\/\/ludi-france.com\/en\/toys-childcare\/#breadcrumb\"},\"inLanguage\":\"en-US\",\"potentialAction\":[{\"@type\":\"ReadAction\",\"target\":[\"https:\/\/ludi-france.com\/en\/toys-childcare\/\"]}]},{\"@type\":\"ImageObject\",\"inLanguage\":\"en-US\",\"@id\":\"https:\/\/ludi-france.com\/en\/toys-childcare\/#primaryimage\",\"url\":\"https:\/\/ludi-france.com\/wp-content\/uploads\/2021\/12\/slide_Nos-produits_1920x500px-1.jpg\",\"contentUrl\":\"https:\/\/ludi-france.com\/wp-content\/uploads\/2021\/12\/slide_Nos-produits_1920x500px-1.jpg\",\"width\":1920,\"height\":500,\"caption\":\"ensemble des jouets LUDI\"},{\"@type\":\"BreadcrumbList\",\"@id\":\"https:\/\/ludi-france.com\/en\/toys-childcare\/#breadcrumb\",\"itemListElement\":[{\"@type\":\"ListItem\",\"position\":1,\"name\":\"Home\",\"item\":\"https:\/\/ludi-france.com\/en\/\"},{\"@type\":\"ListItem\",\"position\":2,\"name\":\"Toys &#038; Childcare\"}]},{\"@type\":\"WebSite\",\"@id\":\"https:\/\/ludi-france.com\/en\/#website\",\"url\":\"https:\/\/ludi-france.com\/en\/\",\"name\":\"LUDI\",\"description\":\"Cr\u00e9ateur de jouets fran\u00e7ais et de pu\u00e9riculture\",\"publisher\":{\"@id\":\"https:\/\/ludi-france.com\/en\/#organization\"},\"potentialAction\":[{\"@type\":\"SearchAction\",\"target\":{\"@type\":\"EntryPoint\",\"urlTemplate\":\"https:\/\/ludi-france.com\/en\/?s={search_term_string}\"},\"query-input\":{\"@type\":\"PropertyValueSpecification\",\"valueRequired\":true,\"valueName\":\"search_term_string\"}}],\"inLanguage\":\"en-US\"},{\"@type\":\"Organization\",\"@id\":\"https:\/\/ludi-france.com\/en\/#organization\",\"name\":\"LUDI France\",\"url\":\"https:\/\/ludi-france.com\/en\/\",\"logo\":{\"@type\":\"ImageObject\",\"inLanguage\":\"en-US\",\"@id\":\"https:\/\/ludi-france.com\/en\/#\/schema\/logo\/image\/\",\"url\":\"https:\/\/ludi-france.com\/wp-content\/uploads\/2021\/10\/LOGO-LUDI-WEB-scaled.jpg\",\"contentUrl\":\"https:\/\/ludi-france.com\/wp-content\/uploads\/2021\/10\/LOGO-LUDI-WEB-scaled.jpg\",\"width\":2560,\"height\":815,\"caption\":\"LUDI France\"},\"image\":{\"@id\":\"https:\/\/ludi-france.com\/en\/#\/schema\/logo\/image\/\"},\"sameAs\":[\"https:\/\/www.facebook.com\/ludi.jouet\/\",\"https:\/\/www.youtube.com\/c\/Ludi-france\/videos\"]}]}<\/script>\n<!-- \/ Yoast SEO plugin. -->","yoast_head_json":{"title":"LUDI - Toys and Childcare Products for Babies & Children 0\u20135","description":"Discover LUDI: toys and childcare products for babies and children. Early learning, motor skills, playmats, bath toys and outdoor play, designed for ages 0 to 5.","robots":{"index":"index","follow":"follow","max-snippet":"max-snippet:-1","max-image-preview":"max-image-preview:large","max-video-preview":"max-video-preview:-1"},"canonical":"https:\/\/ludi-france.com\/en\/toys-childcare\/","og_locale":"en_US","og_type":"article","og_title":"LUDI - Toys and Childcare Products for Babies & Children 0\u20135","og_description":"Discover LUDI: toys and childcare products for babies and children. Early learning, motor skills, playmats, bath toys and outdoor play, designed for ages 0 to 5.","og_url":"https:\/\/ludi-france.com\/en\/toys-childcare\/","og_site_name":"LUDI","article_publisher":"https:\/\/www.facebook.com\/ludi.jouet\/","article_modified_time":"2025-10-22T10:26:46+00:00","og_image":[{"width":1920,"height":500,"url":"https:\/\/ludi-france.com\/wp-content\/uploads\/2021\/12\/slide_Nos-produits_1920x500px-1.jpg","type":"image\/jpeg"}],"twitter_card":"summary_large_image","twitter_misc":{"Est. reading time":"1 minute"},"schema":{"@context":"https:\/\/schema.org","@graph":[{"@type":"WebPage","@id":"https:\/\/ludi-france.com\/en\/toys-childcare\/","url":"https:\/\/ludi-france.com\/en\/toys-childcare\/","name":"LUDI - Toys and Childcare Products for Babies & Children 0\u20135","isPartOf":{"@id":"https:\/\/ludi-france.com\/en\/#website"},"primaryImageOfPage":{"@id":"https:\/\/ludi-france.com\/en\/toys-childcare\/#primaryimage"},"image":{"@id":"https:\/\/ludi-france.com\/en\/toys-childcare\/#primaryimage"},"thumbnailUrl":"https:\/\/ludi-france.com\/wp-content\/uploads\/2021\/12\/slide_Nos-produits_1920x500px-1.jpg","datePublished":"2021-12-14T14:07:53+00:00","dateModified":"2025-10-22T10:26:46+00:00","description":"Discover LUDI: toys and childcare products for babies and children. Early learning, motor skills, playmats, bath toys and outdoor play, designed for ages 0 to 5.","breadcrumb":{"@id":"https:\/\/ludi-france.com\/en\/toys-childcare\/#breadcrumb"},"inLanguage":"en-US","potentialAction":[{"@type":"ReadAction","target":["https:\/\/ludi-france.com\/en\/toys-childcare\/"]}]},{"@type":"ImageObject","inLanguage":"en-US","@id":"https:\/\/ludi-france.com\/en\/toys-childcare\/#primaryimage","url":"https:\/\/ludi-france.com\/wp-content\/uploads\/2021\/12\/slide_Nos-produits_1920x500px-1.jpg","contentUrl":"https:\/\/ludi-france.com\/wp-content\/uploads\/2021\/12\/slide_Nos-produits_1920x500px-1.jpg","width":1920,"height":500,"caption":"ensemble des jouets LUDI"},{"@type":"BreadcrumbList","@id":"https:\/\/ludi-france.com\/en\/toys-childcare\/#breadcrumb","itemListElement":[{"@type":"ListItem","position":1,"name":"Home","item":"https:\/\/ludi-france.com\/en\/"},{"@type":"ListItem","position":2,"name":"Toys &#038; Childcare"}]},{"@type":"WebSite","@id":"https:\/\/ludi-france.com\/en\/#website","url":"https:\/\/ludi-france.com\/en\/","name":"LUDI","description":"Cr\u00e9ateur de jouets fran\u00e7ais et de pu\u00e9riculture","publisher":{"@id":"https:\/\/ludi-france.com\/en\/#organization"},"potentialAction":[{"@type":"SearchAction","target":{"@type":"EntryPoint","urlTemplate":"https:\/\/ludi-france.com\/en\/?s={search_term_string}"},"query-input":{"@type":"PropertyValueSpecification","valueRequired":true,"valueName":"search_term_string"}}],"inLanguage":"en-US"},{"@type":"Organization","@id":"https:\/\/ludi-france.com\/en\/#organization","name":"LUDI France","url":"https:\/\/ludi-france.com\/en\/","logo":{"@type":"ImageObject","inLanguage":"en-US","@id":"https:\/\/ludi-france.com\/en\/#\/schema\/logo\/image\/","url":"https:\/\/ludi-france.com\/wp-content\/uploads\/2021\/10\/LOGO-LUDI-WEB-scaled.jpg","contentUrl":"https:\/\/ludi-france.com\/wp-content\/uploads\/2021\/10\/LOGO-LUDI-WEB-scaled.jpg","width":2560,"height":815,"caption":"LUDI France"},"image":{"@id":"https:\/\/ludi-france.com\/en\/#\/schema\/logo\/image\/"},"sameAs":["https:\/\/www.facebook.com\/ludi.jouet\/","https:\/\/www.youtube.com\/c\/Ludi-france\/videos"]}]}},"_links":{"self":[{"href":"https:\/\/ludi-france.com\/en\/wp-json\/wp\/v2\/pages\/4001","targetHints":{"allow":["GET"]}}],"collection":[{"href":"https:\/\/ludi-france.com\/en\/wp-json\/wp\/v2\/pages"}],"about":[{"href":"https:\/\/ludi-france.com\/en\/wp-json\/wp\/v2\/types\/page"}],"author":[{"embeddable":true,"href":"https:\/\/ludi-france.com\/en\/wp-json\/wp\/v2\/users\/5"}],"replies":[{"embeddable":true,"href":"https:\/\/ludi-france.com\/en\/wp-json\/wp\/v2\/comments?post=4001"}],"version-history":[{"count":6,"href":"https:\/\/ludi-france.com\/en\/wp-json\/wp\/v2\/pages\/4001\/revisions"}],"predecessor-version":[{"id":17376,"href":"https:\/\/ludi-france.com\/en\/wp-json\/wp\/v2\/pages\/4001\/revisions\/17376"}],"wp:featuredmedia":[{"embeddable":true,"href":"https:\/\/ludi-france.com\/en\/wp-json\/wp\/v2\/media\/3900"}],"wp:attachment":[{"href":"https:\/\/ludi-france.com\/en\/wp-json\/wp\/v2\/media?parent=4001"}],"curies":[{"name":"wp","href":"https:\/\/api.w.org\/{rel}","templated":true}]}}