{"id":3984,"date":"2021-11-05T11:30:57","date_gmt":"2021-11-05T10:30:57","guid":{"rendered":"https:\/\/ludi-france.com\/ludi-who-are-we\/notre-philosophie\/"},"modified":"2021-12-21T16:04:54","modified_gmt":"2021-12-21T15:04:54","slug":"our-philosophy","status":"publish","type":"page","link":"https:\/\/ludi-france.com\/en\/ludi-who-are-we\/our-philosophy\/","title":{"rendered":"Our philosophy"},"content":{"rendered":"","protected":false},"excerpt":{"rendered":"","protected":false},"author":5,"featured_media":3878,"parent":3967,"menu_order":0,"comment_status":"closed","ping_status":"closed","template":"","meta":{"_acf_changed":false,"footnotes":""},"class_list":["post-3984","page","type-page","status-publish","has-post-thumbnail","hentry"],"acf":[],"yoast_head":"<!-- This site is optimized with the Yoast SEO plugin v26.7 - https:\/\/yoast.com\/wordpress\/plugins\/seo\/ -->\n<title>LUDI - French brand of baby toys since 1994 - Our philosophy<\/title>\n<meta name=\"description\" content=\"We are expert to creat toys that help children discover the world around them. We offer children the key to firmly established self-confidence\" \/>\n<meta name=\"robots\" content=\"index, follow, max-snippet:-1, max-image-preview:large, max-video-preview:-1\" \/>\n<link rel=\"canonical\" href=\"https:\/\/ludi-france.com\/en\/ludi-who-are-we\/our-philosophy\/\" \/>\n<meta property=\"og:locale\" content=\"en_US\" \/>\n<meta property=\"og:type\" content=\"article\" \/>\n<meta property=\"og:title\" content=\"LUDI - French brand of baby toys since 1994 - Our philosophy\" \/>\n<meta property=\"og:description\" content=\"We are expert to creat toys that help children discover the world around them. We offer children the key to firmly established self-confidence\" \/>\n<meta property=\"og:url\" content=\"https:\/\/ludi-france.com\/en\/ludi-who-are-we\/our-philosophy\/\" \/>\n<meta property=\"og:site_name\" content=\"LUDI\" \/>\n<meta property=\"article:publisher\" content=\"https:\/\/www.facebook.com\/ludi.jouet\/\" \/>\n<meta property=\"article:modified_time\" content=\"2021-12-21T15:04:54+00:00\" \/>\n<meta property=\"og:image\" content=\"https:\/\/ludi-france.com\/wp-content\/uploads\/2021\/12\/3.jpg\" \/>\n\t<meta property=\"og:image:width\" content=\"1920\" \/>\n\t<meta property=\"og:image:height\" content=\"500\" \/>\n\t<meta property=\"og:image:type\" content=\"image\/jpeg\" \/>\n<meta name=\"twitter:card\" content=\"summary_large_image\" \/>\n<script type=\"application\/ld+json\" class=\"yoast-schema-graph\">{\"@context\":\"https:\/\/schema.org\",\"@graph\":[{\"@type\":\"WebPage\",\"@id\":\"https:\/\/ludi-france.com\/en\/ludi-who-are-we\/our-philosophy\/\",\"url\":\"https:\/\/ludi-france.com\/en\/ludi-who-are-we\/our-philosophy\/\",\"name\":\"LUDI - French brand of baby toys since 1994 - Our philosophy\",\"isPartOf\":{\"@id\":\"https:\/\/ludi-france.com\/en\/#website\"},\"primaryImageOfPage\":{\"@id\":\"https:\/\/ludi-france.com\/en\/ludi-who-are-we\/our-philosophy\/#primaryimage\"},\"image\":{\"@id\":\"https:\/\/ludi-france.com\/en\/ludi-who-are-we\/our-philosophy\/#primaryimage\"},\"thumbnailUrl\":\"https:\/\/ludi-france.com\/wp-content\/uploads\/2021\/12\/3-e1709288576620.jpg\",\"datePublished\":\"2021-11-05T10:30:57+00:00\",\"dateModified\":\"2021-12-21T15:04:54+00:00\",\"description\":\"We are expert to creat toys that help children discover the world around them. We offer children the key to firmly established self-confidence\",\"breadcrumb\":{\"@id\":\"https:\/\/ludi-france.com\/en\/ludi-who-are-we\/our-philosophy\/#breadcrumb\"},\"inLanguage\":\"en-US\",\"potentialAction\":[{\"@type\":\"ReadAction\",\"target\":[\"https:\/\/ludi-france.com\/en\/ludi-who-are-we\/our-philosophy\/\"]}]},{\"@type\":\"ImageObject\",\"inLanguage\":\"en-US\",\"@id\":\"https:\/\/ludi-france.com\/en\/ludi-who-are-we\/our-philosophy\/#primaryimage\",\"url\":\"https:\/\/ludi-france.com\/wp-content\/uploads\/2021\/12\/3-e1709288576620.jpg\",\"contentUrl\":\"https:\/\/ludi-france.com\/wp-content\/uploads\/2021\/12\/3-e1709288576620.jpg\",\"width\":1920,\"height\":500,\"caption\":\"notre philosophie\"},{\"@type\":\"BreadcrumbList\",\"@id\":\"https:\/\/ludi-france.com\/en\/ludi-who-are-we\/our-philosophy\/#breadcrumb\",\"itemListElement\":[{\"@type\":\"ListItem\",\"position\":1,\"name\":\"Home\",\"item\":\"https:\/\/ludi-france.com\/en\/\"},{\"@type\":\"ListItem\",\"position\":2,\"name\":\"Who are we ?\",\"item\":\"https:\/\/ludi-france.com\/en\/ludi-who-are-we\/\"},{\"@type\":\"ListItem\",\"position\":3,\"name\":\"Our philosophy\"}]},{\"@type\":\"WebSite\",\"@id\":\"https:\/\/ludi-france.com\/en\/#website\",\"url\":\"https:\/\/ludi-france.com\/en\/\",\"name\":\"LUDI\",\"description\":\"Cr\u00e9ateur de jouets fran\u00e7ais et de pu\u00e9riculture\",\"publisher\":{\"@id\":\"https:\/\/ludi-france.com\/en\/#organization\"},\"potentialAction\":[{\"@type\":\"SearchAction\",\"target\":{\"@type\":\"EntryPoint\",\"urlTemplate\":\"https:\/\/ludi-france.com\/en\/?s={search_term_string}\"},\"query-input\":{\"@type\":\"PropertyValueSpecification\",\"valueRequired\":true,\"valueName\":\"search_term_string\"}}],\"inLanguage\":\"en-US\"},{\"@type\":\"Organization\",\"@id\":\"https:\/\/ludi-france.com\/en\/#organization\",\"name\":\"LUDI France\",\"url\":\"https:\/\/ludi-france.com\/en\/\",\"logo\":{\"@type\":\"ImageObject\",\"inLanguage\":\"en-US\",\"@id\":\"https:\/\/ludi-france.com\/en\/#\/schema\/logo\/image\/\",\"url\":\"https:\/\/ludi-france.com\/wp-content\/uploads\/2021\/10\/LOGO-LUDI-WEB-scaled.jpg\",\"contentUrl\":\"https:\/\/ludi-france.com\/wp-content\/uploads\/2021\/10\/LOGO-LUDI-WEB-scaled.jpg\",\"width\":2560,\"height\":815,\"caption\":\"LUDI France\"},\"image\":{\"@id\":\"https:\/\/ludi-france.com\/en\/#\/schema\/logo\/image\/\"},\"sameAs\":[\"https:\/\/www.facebook.com\/ludi.jouet\/\",\"https:\/\/www.youtube.com\/c\/Ludi-france\/videos\"]}]}<\/script>\n<!-- \/ Yoast SEO plugin. -->","yoast_head_json":{"title":"LUDI - French brand of baby toys since 1994 - Our philosophy","description":"We are expert to creat toys that help children discover the world around them. We offer children the key to firmly established self-confidence","robots":{"index":"index","follow":"follow","max-snippet":"max-snippet:-1","max-image-preview":"max-image-preview:large","max-video-preview":"max-video-preview:-1"},"canonical":"https:\/\/ludi-france.com\/en\/ludi-who-are-we\/our-philosophy\/","og_locale":"en_US","og_type":"article","og_title":"LUDI - French brand of baby toys since 1994 - Our philosophy","og_description":"We are expert to creat toys that help children discover the world around them. We offer children the key to firmly established self-confidence","og_url":"https:\/\/ludi-france.com\/en\/ludi-who-are-we\/our-philosophy\/","og_site_name":"LUDI","article_publisher":"https:\/\/www.facebook.com\/ludi.jouet\/","article_modified_time":"2021-12-21T15:04:54+00:00","og_image":[{"width":1920,"height":500,"url":"https:\/\/ludi-france.com\/wp-content\/uploads\/2021\/12\/3.jpg","type":"image\/jpeg"}],"twitter_card":"summary_large_image","schema":{"@context":"https:\/\/schema.org","@graph":[{"@type":"WebPage","@id":"https:\/\/ludi-france.com\/en\/ludi-who-are-we\/our-philosophy\/","url":"https:\/\/ludi-france.com\/en\/ludi-who-are-we\/our-philosophy\/","name":"LUDI - French brand of baby toys since 1994 - Our philosophy","isPartOf":{"@id":"https:\/\/ludi-france.com\/en\/#website"},"primaryImageOfPage":{"@id":"https:\/\/ludi-france.com\/en\/ludi-who-are-we\/our-philosophy\/#primaryimage"},"image":{"@id":"https:\/\/ludi-france.com\/en\/ludi-who-are-we\/our-philosophy\/#primaryimage"},"thumbnailUrl":"https:\/\/ludi-france.com\/wp-content\/uploads\/2021\/12\/3-e1709288576620.jpg","datePublished":"2021-11-05T10:30:57+00:00","dateModified":"2021-12-21T15:04:54+00:00","description":"We are expert to creat toys that help children discover the world around them. We offer children the key to firmly established self-confidence","breadcrumb":{"@id":"https:\/\/ludi-france.com\/en\/ludi-who-are-we\/our-philosophy\/#breadcrumb"},"inLanguage":"en-US","potentialAction":[{"@type":"ReadAction","target":["https:\/\/ludi-france.com\/en\/ludi-who-are-we\/our-philosophy\/"]}]},{"@type":"ImageObject","inLanguage":"en-US","@id":"https:\/\/ludi-france.com\/en\/ludi-who-are-we\/our-philosophy\/#primaryimage","url":"https:\/\/ludi-france.com\/wp-content\/uploads\/2021\/12\/3-e1709288576620.jpg","contentUrl":"https:\/\/ludi-france.com\/wp-content\/uploads\/2021\/12\/3-e1709288576620.jpg","width":1920,"height":500,"caption":"notre philosophie"},{"@type":"BreadcrumbList","@id":"https:\/\/ludi-france.com\/en\/ludi-who-are-we\/our-philosophy\/#breadcrumb","itemListElement":[{"@type":"ListItem","position":1,"name":"Home","item":"https:\/\/ludi-france.com\/en\/"},{"@type":"ListItem","position":2,"name":"Who are we ?","item":"https:\/\/ludi-france.com\/en\/ludi-who-are-we\/"},{"@type":"ListItem","position":3,"name":"Our philosophy"}]},{"@type":"WebSite","@id":"https:\/\/ludi-france.com\/en\/#website","url":"https:\/\/ludi-france.com\/en\/","name":"LUDI","description":"Cr\u00e9ateur de jouets fran\u00e7ais et de pu\u00e9riculture","publisher":{"@id":"https:\/\/ludi-france.com\/en\/#organization"},"potentialAction":[{"@type":"SearchAction","target":{"@type":"EntryPoint","urlTemplate":"https:\/\/ludi-france.com\/en\/?s={search_term_string}"},"query-input":{"@type":"PropertyValueSpecification","valueRequired":true,"valueName":"search_term_string"}}],"inLanguage":"en-US"},{"@type":"Organization","@id":"https:\/\/ludi-france.com\/en\/#organization","name":"LUDI France","url":"https:\/\/ludi-france.com\/en\/","logo":{"@type":"ImageObject","inLanguage":"en-US","@id":"https:\/\/ludi-france.com\/en\/#\/schema\/logo\/image\/","url":"https:\/\/ludi-france.com\/wp-content\/uploads\/2021\/10\/LOGO-LUDI-WEB-scaled.jpg","contentUrl":"https:\/\/ludi-france.com\/wp-content\/uploads\/2021\/10\/LOGO-LUDI-WEB-scaled.jpg","width":2560,"height":815,"caption":"LUDI France"},"image":{"@id":"https:\/\/ludi-france.com\/en\/#\/schema\/logo\/image\/"},"sameAs":["https:\/\/www.facebook.com\/ludi.jouet\/","https:\/\/www.youtube.com\/c\/Ludi-france\/videos"]}]}},"_links":{"self":[{"href":"https:\/\/ludi-france.com\/en\/wp-json\/wp\/v2\/pages\/3984","targetHints":{"allow":["GET"]}}],"collection":[{"href":"https:\/\/ludi-france.com\/en\/wp-json\/wp\/v2\/pages"}],"about":[{"href":"https:\/\/ludi-france.com\/en\/wp-json\/wp\/v2\/types\/page"}],"author":[{"embeddable":true,"href":"https:\/\/ludi-france.com\/en\/wp-json\/wp\/v2\/users\/5"}],"replies":[{"embeddable":true,"href":"https:\/\/ludi-france.com\/en\/wp-json\/wp\/v2\/comments?post=3984"}],"version-history":[{"count":0,"href":"https:\/\/ludi-france.com\/en\/wp-json\/wp\/v2\/pages\/3984\/revisions"}],"up":[{"embeddable":true,"href":"https:\/\/ludi-france.com\/en\/wp-json\/wp\/v2\/pages\/3967"}],"wp:featuredmedia":[{"embeddable":true,"href":"https:\/\/ludi-france.com\/en\/wp-json\/wp\/v2\/media\/3878"}],"wp:attachment":[{"href":"https:\/\/ludi-france.com\/en\/wp-json\/wp\/v2\/media?parent=3984"}],"curies":[{"name":"wp","href":"https:\/\/api.w.org\/{rel}","templated":true}]}}