{"id":3112,"date":"2021-12-07T11:10:59","date_gmt":"2021-12-07T10:10:59","guid":{"rendered":"https:\/\/ludi-france.com\/where-to-find-us\/"},"modified":"2025-04-24T09:48:42","modified_gmt":"2025-04-24T07:48:42","slug":"where-to-find-us","status":"publish","type":"page","link":"https:\/\/ludi-france.com\/en\/where-to-find-us\/","title":{"rendered":"Where to find us?"},"content":{"rendered":"","protected":false},"excerpt":{"rendered":"","protected":false},"author":1,"featured_media":3900,"parent":0,"menu_order":0,"comment_status":"closed","ping_status":"closed","template":"page-templates\/page-list-vendors.php","meta":{"_acf_changed":false,"footnotes":""},"class_list":["post-3112","page","type-page","status-publish","has-post-thumbnail","hentry"],"acf":[],"yoast_head":"<!-- This site is optimized with the Yoast SEO plugin v26.7 - https:\/\/yoast.com\/wordpress\/plugins\/seo\/ -->\n<title>LUDI french toys creator - LUDI Where to find us?<\/title>\n<meta name=\"description\" content=\"French-designed creations are exported around the world and always provide added value to children\u2019s fun and stimulation.\" \/>\n<meta name=\"robots\" content=\"index, follow, max-snippet:-1, max-image-preview:large, max-video-preview:-1\" \/>\n<link rel=\"canonical\" href=\"https:\/\/ludi-france.com\/en\/where-to-find-us\/\" \/>\n<meta property=\"og:locale\" content=\"en_US\" \/>\n<meta property=\"og:type\" content=\"article\" \/>\n<meta property=\"og:title\" content=\"LUDI french toys creator - LUDI Where to find us?\" \/>\n<meta property=\"og:description\" content=\"French-designed creations are exported around the world and always provide added value to children\u2019s fun and stimulation.\" \/>\n<meta property=\"og:url\" content=\"https:\/\/ludi-france.com\/en\/where-to-find-us\/\" \/>\n<meta property=\"og:site_name\" content=\"LUDI\" \/>\n<meta property=\"article:publisher\" content=\"https:\/\/www.facebook.com\/ludi.jouet\/\" \/>\n<meta property=\"article:modified_time\" content=\"2025-04-24T07:48:42+00:00\" \/>\n<meta property=\"og:image\" content=\"https:\/\/ludi-france.com\/wp-content\/uploads\/2021\/12\/slide_Nos-produits_1920x500px-1.jpg\" \/>\n\t<meta property=\"og:image:width\" content=\"1920\" \/>\n\t<meta property=\"og:image:height\" content=\"500\" \/>\n\t<meta property=\"og:image:type\" content=\"image\/jpeg\" \/>\n<meta name=\"twitter:card\" content=\"summary_large_image\" \/>\n<script type=\"application\/ld+json\" class=\"yoast-schema-graph\">{\"@context\":\"https:\/\/schema.org\",\"@graph\":[{\"@type\":\"WebPage\",\"@id\":\"https:\/\/ludi-france.com\/en\/where-to-find-us\/\",\"url\":\"https:\/\/ludi-france.com\/en\/where-to-find-us\/\",\"name\":\"LUDI french toys creator - LUDI Where to find us?\",\"isPartOf\":{\"@id\":\"https:\/\/ludi-france.com\/en\/#website\"},\"primaryImageOfPage\":{\"@id\":\"https:\/\/ludi-france.com\/en\/where-to-find-us\/#primaryimage\"},\"image\":{\"@id\":\"https:\/\/ludi-france.com\/en\/where-to-find-us\/#primaryimage\"},\"thumbnailUrl\":\"https:\/\/ludi-france.com\/wp-content\/uploads\/2021\/12\/slide_Nos-produits_1920x500px-1.jpg\",\"datePublished\":\"2021-12-07T10:10:59+00:00\",\"dateModified\":\"2025-04-24T07:48:42+00:00\",\"description\":\"French-designed creations are exported around the world and always provide added value to children\u2019s fun and stimulation.\",\"breadcrumb\":{\"@id\":\"https:\/\/ludi-france.com\/en\/where-to-find-us\/#breadcrumb\"},\"inLanguage\":\"en-US\",\"potentialAction\":[{\"@type\":\"ReadAction\",\"target\":[\"https:\/\/ludi-france.com\/en\/where-to-find-us\/\"]}]},{\"@type\":\"ImageObject\",\"inLanguage\":\"en-US\",\"@id\":\"https:\/\/ludi-france.com\/en\/where-to-find-us\/#primaryimage\",\"url\":\"https:\/\/ludi-france.com\/wp-content\/uploads\/2021\/12\/slide_Nos-produits_1920x500px-1.jpg\",\"contentUrl\":\"https:\/\/ludi-france.com\/wp-content\/uploads\/2021\/12\/slide_Nos-produits_1920x500px-1.jpg\",\"width\":1920,\"height\":500,\"caption\":\"ensemble des jouets LUDI\"},{\"@type\":\"BreadcrumbList\",\"@id\":\"https:\/\/ludi-france.com\/en\/where-to-find-us\/#breadcrumb\",\"itemListElement\":[{\"@type\":\"ListItem\",\"position\":1,\"name\":\"Home\",\"item\":\"https:\/\/ludi-france.com\/en\/\"},{\"@type\":\"ListItem\",\"position\":2,\"name\":\"Where to find us?\"}]},{\"@type\":\"WebSite\",\"@id\":\"https:\/\/ludi-france.com\/en\/#website\",\"url\":\"https:\/\/ludi-france.com\/en\/\",\"name\":\"LUDI\",\"description\":\"Cr\u00e9ateur de jouets fran\u00e7ais et de pu\u00e9riculture\",\"publisher\":{\"@id\":\"https:\/\/ludi-france.com\/en\/#organization\"},\"potentialAction\":[{\"@type\":\"SearchAction\",\"target\":{\"@type\":\"EntryPoint\",\"urlTemplate\":\"https:\/\/ludi-france.com\/en\/?s={search_term_string}\"},\"query-input\":{\"@type\":\"PropertyValueSpecification\",\"valueRequired\":true,\"valueName\":\"search_term_string\"}}],\"inLanguage\":\"en-US\"},{\"@type\":\"Organization\",\"@id\":\"https:\/\/ludi-france.com\/en\/#organization\",\"name\":\"LUDI France\",\"url\":\"https:\/\/ludi-france.com\/en\/\",\"logo\":{\"@type\":\"ImageObject\",\"inLanguage\":\"en-US\",\"@id\":\"https:\/\/ludi-france.com\/en\/#\/schema\/logo\/image\/\",\"url\":\"https:\/\/ludi-france.com\/wp-content\/uploads\/2021\/10\/LOGO-LUDI-WEB-scaled.jpg\",\"contentUrl\":\"https:\/\/ludi-france.com\/wp-content\/uploads\/2021\/10\/LOGO-LUDI-WEB-scaled.jpg\",\"width\":2560,\"height\":815,\"caption\":\"LUDI France\"},\"image\":{\"@id\":\"https:\/\/ludi-france.com\/en\/#\/schema\/logo\/image\/\"},\"sameAs\":[\"https:\/\/www.facebook.com\/ludi.jouet\/\",\"https:\/\/www.youtube.com\/c\/Ludi-france\/videos\"]}]}<\/script>\n<!-- \/ Yoast SEO plugin. -->","yoast_head_json":{"title":"LUDI french toys creator - LUDI Where to find us?","description":"French-designed creations are exported around the world and always provide added value to children\u2019s fun and stimulation.","robots":{"index":"index","follow":"follow","max-snippet":"max-snippet:-1","max-image-preview":"max-image-preview:large","max-video-preview":"max-video-preview:-1"},"canonical":"https:\/\/ludi-france.com\/en\/where-to-find-us\/","og_locale":"en_US","og_type":"article","og_title":"LUDI french toys creator - LUDI Where to find us?","og_description":"French-designed creations are exported around the world and always provide added value to children\u2019s fun and stimulation.","og_url":"https:\/\/ludi-france.com\/en\/where-to-find-us\/","og_site_name":"LUDI","article_publisher":"https:\/\/www.facebook.com\/ludi.jouet\/","article_modified_time":"2025-04-24T07:48:42+00:00","og_image":[{"width":1920,"height":500,"url":"https:\/\/ludi-france.com\/wp-content\/uploads\/2021\/12\/slide_Nos-produits_1920x500px-1.jpg","type":"image\/jpeg"}],"twitter_card":"summary_large_image","schema":{"@context":"https:\/\/schema.org","@graph":[{"@type":"WebPage","@id":"https:\/\/ludi-france.com\/en\/where-to-find-us\/","url":"https:\/\/ludi-france.com\/en\/where-to-find-us\/","name":"LUDI french toys creator - LUDI Where to find us?","isPartOf":{"@id":"https:\/\/ludi-france.com\/en\/#website"},"primaryImageOfPage":{"@id":"https:\/\/ludi-france.com\/en\/where-to-find-us\/#primaryimage"},"image":{"@id":"https:\/\/ludi-france.com\/en\/where-to-find-us\/#primaryimage"},"thumbnailUrl":"https:\/\/ludi-france.com\/wp-content\/uploads\/2021\/12\/slide_Nos-produits_1920x500px-1.jpg","datePublished":"2021-12-07T10:10:59+00:00","dateModified":"2025-04-24T07:48:42+00:00","description":"French-designed creations are exported around the world and always provide added value to children\u2019s fun and stimulation.","breadcrumb":{"@id":"https:\/\/ludi-france.com\/en\/where-to-find-us\/#breadcrumb"},"inLanguage":"en-US","potentialAction":[{"@type":"ReadAction","target":["https:\/\/ludi-france.com\/en\/where-to-find-us\/"]}]},{"@type":"ImageObject","inLanguage":"en-US","@id":"https:\/\/ludi-france.com\/en\/where-to-find-us\/#primaryimage","url":"https:\/\/ludi-france.com\/wp-content\/uploads\/2021\/12\/slide_Nos-produits_1920x500px-1.jpg","contentUrl":"https:\/\/ludi-france.com\/wp-content\/uploads\/2021\/12\/slide_Nos-produits_1920x500px-1.jpg","width":1920,"height":500,"caption":"ensemble des jouets LUDI"},{"@type":"BreadcrumbList","@id":"https:\/\/ludi-france.com\/en\/where-to-find-us\/#breadcrumb","itemListElement":[{"@type":"ListItem","position":1,"name":"Home","item":"https:\/\/ludi-france.com\/en\/"},{"@type":"ListItem","position":2,"name":"Where to find us?"}]},{"@type":"WebSite","@id":"https:\/\/ludi-france.com\/en\/#website","url":"https:\/\/ludi-france.com\/en\/","name":"LUDI","description":"Cr\u00e9ateur de jouets fran\u00e7ais et de pu\u00e9riculture","publisher":{"@id":"https:\/\/ludi-france.com\/en\/#organization"},"potentialAction":[{"@type":"SearchAction","target":{"@type":"EntryPoint","urlTemplate":"https:\/\/ludi-france.com\/en\/?s={search_term_string}"},"query-input":{"@type":"PropertyValueSpecification","valueRequired":true,"valueName":"search_term_string"}}],"inLanguage":"en-US"},{"@type":"Organization","@id":"https:\/\/ludi-france.com\/en\/#organization","name":"LUDI France","url":"https:\/\/ludi-france.com\/en\/","logo":{"@type":"ImageObject","inLanguage":"en-US","@id":"https:\/\/ludi-france.com\/en\/#\/schema\/logo\/image\/","url":"https:\/\/ludi-france.com\/wp-content\/uploads\/2021\/10\/LOGO-LUDI-WEB-scaled.jpg","contentUrl":"https:\/\/ludi-france.com\/wp-content\/uploads\/2021\/10\/LOGO-LUDI-WEB-scaled.jpg","width":2560,"height":815,"caption":"LUDI France"},"image":{"@id":"https:\/\/ludi-france.com\/en\/#\/schema\/logo\/image\/"},"sameAs":["https:\/\/www.facebook.com\/ludi.jouet\/","https:\/\/www.youtube.com\/c\/Ludi-france\/videos"]}]}},"_links":{"self":[{"href":"https:\/\/ludi-france.com\/en\/wp-json\/wp\/v2\/pages\/3112","targetHints":{"allow":["GET"]}}],"collection":[{"href":"https:\/\/ludi-france.com\/en\/wp-json\/wp\/v2\/pages"}],"about":[{"href":"https:\/\/ludi-france.com\/en\/wp-json\/wp\/v2\/types\/page"}],"author":[{"embeddable":true,"href":"https:\/\/ludi-france.com\/en\/wp-json\/wp\/v2\/users\/1"}],"replies":[{"embeddable":true,"href":"https:\/\/ludi-france.com\/en\/wp-json\/wp\/v2\/comments?post=3112"}],"version-history":[{"count":8,"href":"https:\/\/ludi-france.com\/en\/wp-json\/wp\/v2\/pages\/3112\/revisions"}],"predecessor-version":[{"id":16531,"href":"https:\/\/ludi-france.com\/en\/wp-json\/wp\/v2\/pages\/3112\/revisions\/16531"}],"wp:featuredmedia":[{"embeddable":true,"href":"https:\/\/ludi-france.com\/en\/wp-json\/wp\/v2\/media\/3900"}],"wp:attachment":[{"href":"https:\/\/ludi-france.com\/en\/wp-json\/wp\/v2\/media?parent=3112"}],"curies":[{"name":"wp","href":"https:\/\/api.w.org\/{rel}","templated":true}]}}